{"id":16138,"date":"2021-11-06T17:35:30","date_gmt":"2021-11-06T16:35:30","guid":{"rendered":"https:\/\/hood-projects.de\/contact\/"},"modified":"2022-10-10T00:14:18","modified_gmt":"2022-10-09T22:14:18","slug":"contact","status":"publish","type":"page","link":"https:\/\/hood-projects.de\/en\/contact\/","title":{"rendered":"Contact"},"content":{"rendered":"<div class=\"wpb-content-wrapper\"><p>[vc_row css_animation=&#8221;&#8221; row_type=&#8221;row&#8221; use_row_as_full_screen_section=&#8221;no&#8221; type=&#8221;grid&#8221; angled_section=&#8221;no&#8221; text_align=&#8221;left&#8221; background_image_as_pattern=&#8221;without_pattern&#8221; z_index=&#8221;&#8221; css=&#8221;.vc_custom_1635967563393{margin-top: 4em !important;margin-bottom: 4em !important;}&#8221;][vc_column][vc_column_text]<\/p>\n<h2>Please contact us &#8230;<\/h2>\n<p>[\/vc_column_text][vc_column_text]for pricing inquiries and further informations[\/vc_column_text][\/vc_column][\/vc_row][vc_row css_animation=&#8221;&#8221; row_type=&#8221;row&#8221; use_row_as_full_screen_section=&#8221;no&#8221; type=&#8221;grid&#8221; angled_section=&#8221;no&#8221; text_align=&#8221;left&#8221; background_image_as_pattern=&#8221;without_pattern&#8221; z_index=&#8221;&#8221;][vc_column width=&#8221;1\/2&#8243;][vc_column_text]<\/p>\n<h3>Our office<\/h3>\n<p>[\/vc_column_text][vc_column_text]H\u00fcttenstra\u00dfe 150<br \/>\nD &#8211; 40227 D\u00fcsseldorf<\/p>\n<p>Email: <strong>post (at) hood-projects (dot) de<\/strong><\/p>\n<p>Phone: <strong>49 (0)211 \/ 879 32 84<\/strong>[\/vc_column_text][vc_separator type=&#8221;transparent&#8221; up=&#8221;6&#8243; down=&#8221;6&#8243;]<span class='q_social_icon_holder normal_social' ><a itemprop='url' href='https:\/\/www.facebook.com\/Hood-Company-Shop-366026556762687\/?fref=ts' target='_blank'><i class=\"qode_icon_font_awesome fa fa-facebook fa-lg simple_social\" style=\"margin: 0 13px 0 0;\" ><\/i><\/a><\/span><span class='q_social_icon_holder normal_social' ><a itemprop='url' href='https:\/\/www.instagram.com\/hoodprojects_gallery\/' target='_blank'><i class=\"qode_icon_font_awesome fa fa-instagram fa-lg simple_social\" style=\"margin: 0 13px 0 0;\" ><\/i><\/a><\/span>[vc_separator type=&#8221;normal&#8221; color=&#8221;#000000&#8243; up=&#8221;30&#8243; down=&#8221;30&#8243;][vc_column_text]The focus of the Hood-Projects is on presenting recent street art as well as on realizing artworks in public space.<\/p>\n<p>The Hood-Projects are Andreas Kopp and Peter Michalski.<br \/>\nThe two partners have been involved in street art and stylewriting for more than three decades.[\/vc_column_text][\/vc_column][vc_column width=&#8221;1\/2&#8243;]\n<div class=\"wpcf7 no-js\" id=\"wpcf7-f16137-o1\" lang=\"en-US\" dir=\"ltr\">\n<div class=\"screen-reader-response\"><p role=\"status\" aria-live=\"polite\" aria-atomic=\"true\"><\/p> <ul><\/ul><\/div>\n<form action=\"\/en\/wp-json\/wp\/v2\/pages\/16138#wpcf7-f16137-o1\" method=\"post\" class=\"wpcf7-form init cf7_custom_style_1\" aria-label=\"Contact form\" novalidate=\"novalidate\" data-status=\"init\">\n<div style=\"display: none;\">\n<input type=\"hidden\" name=\"_wpcf7\" value=\"16137\" \/>\n<input type=\"hidden\" name=\"_wpcf7_version\" value=\"5.9.5\" \/>\n<input type=\"hidden\" name=\"_wpcf7_locale\" value=\"en_US\" \/>\n<input type=\"hidden\" name=\"_wpcf7_unit_tag\" value=\"wpcf7-f16137-o1\" \/>\n<input type=\"hidden\" name=\"_wpcf7_container_post\" value=\"0\" \/>\n<input type=\"hidden\" name=\"_wpcf7_posted_data_hash\" value=\"\" \/>\n<\/div>\n<p><label>Name*<br \/>\n<span class=\"wpcf7-form-control-wrap\" data-name=\"your-name\"><input size=\"40\" class=\"wpcf7-form-control wpcf7-text wpcf7-validates-as-required\" aria-required=\"true\" aria-invalid=\"false\" value=\"\" type=\"text\" name=\"your-name\" \/><\/span> <\/label>\n<\/p>\n<p><label>Email Address*<br \/>\n<span class=\"wpcf7-form-control-wrap\" data-name=\"your-email\"><input size=\"40\" class=\"wpcf7-form-control wpcf7-email wpcf7-validates-as-required wpcf7-text wpcf7-validates-as-email\" aria-required=\"true\" aria-invalid=\"false\" value=\"\" type=\"email\" name=\"your-email\" \/><\/span> <\/label>\n<\/p>\n<p><label>Subject<br \/>\n<span class=\"wpcf7-form-control-wrap\" data-name=\"your-subject\"><input size=\"40\" class=\"wpcf7-form-control wpcf7-text\" aria-invalid=\"false\" value=\"\" type=\"text\" name=\"your-subject\" \/><\/span> <\/label>\n<\/p>\n<p><label>Message<br \/>\n<span class=\"wpcf7-form-control-wrap\" data-name=\"your-message\"><textarea cols=\"40\" rows=\"10\" class=\"wpcf7-form-control wpcf7-textarea\" aria-invalid=\"false\" name=\"your-message\"><\/textarea><\/span> <\/label>\n<\/p>\n<p><span id=\"wpcf7-69ec7d8e8830a-wrapper\" class=\"wpcf7-form-control-wrap yourwebsite-wrap\" style=\"display:none !important; visibility:hidden !important;\"><label for=\"wpcf7-69ec7d8e8830a-field\" class=\"hp-message\">Please leave this field empty.<\/label><input id=\"wpcf7-69ec7d8e8830a-field\"  class=\"wpcf7-form-control wpcf7-text\" type=\"text\" name=\"yourwebsite\" value=\"\" size=\"40\" tabindex=\"-1\" autocomplete=\"new-password\" \/><\/span><br \/>\n<input class=\"wpcf7-form-control wpcf7-submit has-spinner\" type=\"submit\" value=\"Senden\" \/>\n<\/p><div class=\"wpcf7-response-output\" aria-hidden=\"true\"><\/div>\n<\/form>\n<\/div>\n[\/vc_column][\/vc_row]<\/p>\n<\/div>","protected":false},"excerpt":{"rendered":"<p>[vc_row css_animation=&#8221;&#8221; row_type=&#8221;row&#8221; use_row_as_full_screen_section=&#8221;no&#8221; type=&#8221;grid&#8221; angled_section=&#8221;no&#8221; text_align=&#8221;left&#8221; background_image_as_pattern=&#8221;without_pattern&#8221; z_index=&#8221;&#8221; css=&#8221;.vc_custom_1635967563393{margin-top: 4em !important;margin-bottom: 4em !important;}&#8221;][vc_column][vc_column_text] Please contact us &#8230; [\/vc_column_text][vc_column_text]for pricing inquiries and further informations[\/vc_column_text][\/vc_column][\/vc_row][vc_row css_animation=&#8221;&#8221; row_type=&#8221;row&#8221; use_row_as_full_screen_section=&#8221;no&#8221; type=&#8221;grid&#8221; angled_section=&#8221;no&#8221; text_align=&#8221;left&#8221; background_image_as_pattern=&#8221;without_pattern&#8221; z_index=&#8221;&#8221;][vc_column width=&#8221;1\/2&#8243;][vc_column_text] Our office [\/vc_column_text][vc_column_text]H\u00fcttenstra\u00dfe 150 D &#8211; 40227 D\u00fcsseldorf Email: post (at) hood-projects&#8230;<\/p>\n","protected":false},"author":1,"featured_media":0,"parent":0,"menu_order":0,"comment_status":"open","ping_status":"open","template":"full_width.php","meta":{"footnotes":""},"_links":{"self":[{"href":"https:\/\/hood-projects.de\/en\/wp-json\/wp\/v2\/pages\/16138"}],"collection":[{"href":"https:\/\/hood-projects.de\/en\/wp-json\/wp\/v2\/pages"}],"about":[{"href":"https:\/\/hood-projects.de\/en\/wp-json\/wp\/v2\/types\/page"}],"author":[{"embeddable":true,"href":"https:\/\/hood-projects.de\/en\/wp-json\/wp\/v2\/users\/1"}],"replies":[{"embeddable":true,"href":"https:\/\/hood-projects.de\/en\/wp-json\/wp\/v2\/comments?post=16138"}],"version-history":[{"count":15,"href":"https:\/\/hood-projects.de\/en\/wp-json\/wp\/v2\/pages\/16138\/revisions"}],"predecessor-version":[{"id":16381,"href":"https:\/\/hood-projects.de\/en\/wp-json\/wp\/v2\/pages\/16138\/revisions\/16381"}],"wp:attachment":[{"href":"https:\/\/hood-projects.de\/en\/wp-json\/wp\/v2\/media?parent=16138"}],"curies":[{"name":"wp","href":"https:\/\/api.w.org\/{rel}","templated":true}]}}